{"id":4484,"date":"2022-10-29T11:03:34","date_gmt":"2022-10-29T10:03:34","guid":{"rendered":"https:\/\/www.pitcli.com\/?page_id=4484"},"modified":"2025-07-16T08:01:52","modified_gmt":"2025-07-16T07:01:52","slug":"contacto","status":"publish","type":"page","link":"https:\/\/www.pitcli.com\/en\/contacto\/","title":{"rendered":"Contacto"},"content":{"rendered":"<h1>Si tienes alguna duda o pregunta puedes escribirnos o llamarnos<\/h1>\n<h4>(Horario de atenci\u00f3n al p\u00fablico de L a S de 9:00 a 12:00h)<\/h4>\n<h4>Tel: 967 44 15 49<\/h4>\n<h4>M\u00f3vil y whatsapp: 675 04 44 58<\/h4>\n<h4>email: info@pitcli.com<\/h4>","protected":false},"excerpt":{"rendered":"<p>Si tienes alguna duda o pregunta puedes escribirnos o llamarnos (Horario de atenci\u00f3n al p\u00fablico de L a S de 9:00 a 12:00h) Tel: 967 44 15 49 M\u00f3vil y&#8230;<\/p>","protected":false},"author":4,"featured_media":0,"parent":0,"menu_order":0,"comment_status":"closed","ping_status":"closed","template":"","meta":{"_joinchat":[],"footnotes":""},"class_list":["post-4484","page","type-page","status-publish"],"_links":{"self":[{"href":"https:\/\/www.pitcli.com\/en\/wp-json\/wp\/v2\/pages\/4484","targetHints":{"allow":["GET"]}}],"collection":[{"href":"https:\/\/www.pitcli.com\/en\/wp-json\/wp\/v2\/pages"}],"about":[{"href":"https:\/\/www.pitcli.com\/en\/wp-json\/wp\/v2\/types\/page"}],"author":[{"embeddable":true,"href":"https:\/\/www.pitcli.com\/en\/wp-json\/wp\/v2\/users\/4"}],"replies":[{"embeddable":true,"href":"https:\/\/www.pitcli.com\/en\/wp-json\/wp\/v2\/comments?post=4484"}],"version-history":[{"count":4,"href":"https:\/\/www.pitcli.com\/en\/wp-json\/wp\/v2\/pages\/4484\/revisions"}],"predecessor-version":[{"id":14768,"href":"https:\/\/www.pitcli.com\/en\/wp-json\/wp\/v2\/pages\/4484\/revisions\/14768"}],"wp:attachment":[{"href":"https:\/\/www.pitcli.com\/en\/wp-json\/wp\/v2\/media?parent=4484"}],"curies":[{"name":"wp","href":"https:\/\/api.w.org\/{rel}","templated":true}]}}