{"id":4495,"date":"2022-10-29T12:04:41","date_gmt":"2022-10-29T11:04:41","guid":{"rendered":"https:\/\/www.pitcli.com\/?page_id=4495"},"modified":"2025-07-16T08:03:25","modified_gmt":"2025-07-16T07:03:25","slug":"politica-de-privacidad","status":"publish","type":"page","link":"https:\/\/www.pitcli.com\/en\/politica-de-privacidad\/","title":{"rendered":"Pol\u00edtica de privacidad"},"content":{"rendered":"<h1>Pol\u00edtica de privacidad<\/h1>\n<p>POLITICA DE PRIVACIDAD DEL SITIO WEB<\/p>\n<p>www.pitcli.com<\/p>\n<p>POL\u00cdTICA DE PRIVACIDAD Y PROTECCI\u00d3N DE DATOS<br \/>\nRespetando lo establecido en la legislaci\u00f3n vigente, PITCLI (en adelante, tambi\u00e9n Sitio Web) se compromete a adoptar las medidas t\u00e9cnicas y organizativas necesarias, seg\u00fan el nivel de seguridad adecuado al riesgo de los datos recogidos.<\/p>\n<p>Leyes que incorpora esta pol\u00edtica de privacidad<\/p>\n<p>Esta pol\u00edtica de privacidad est\u00e1 adaptada a la normativa espa\u00f1ola y europea vigente en materia de protecci\u00f3n de datos personales en internet. En concreto, la misma respeta las siguientes normas:<\/p>\n<p>El Reglamento (UE) 2016\/679 del Parlamento Europeo y del Consejo, de 27 de abril de 2016, relativo a la protecci\u00f3n de las personas f\u00edsicas en lo que respecta al tratamiento de datos personales y a la libre circulaci\u00f3n de estos datos (RGPD).<br \/>\nLa Ley Org\u00e1nica 3\/2018, de 5 de diciembre, de Protecci\u00f3n de Datos Personales y garant\u00eda de los derechos digitales (LOPD-GDD).<br \/>\nEl Real Decreto 1720\/2007, de 21 de diciembre, por el que se aprueba el Reglamento de desarrollo de la Ley Org\u00e1nica 15\/1999, de 13 de diciembre, de Protecci\u00f3n de Datos de Car\u00e1cter Personal (RDLOPD).<br \/>\nLa Ley 34\/2002, de 11 de julio, de Servicios de la Sociedad de la Informaci\u00f3n y de Comercio Electr\u00f3nico (LSSI-CE).<\/p>\n<p>Responsable del tratamiento de los datos personales<\/p>\n<p>Identidad: PITCLI E.S.P.J., con CIF: E10890077, inscrita en el Registro Mercantil de , cuyo representante Jes\u00fas L\u00f3pez (en adelante, Responsable del tratamiento).<\/p>\n<p>Direcci\u00f3n: C\/ Ram\u00f3n Menendez Pidal n\u00ba 3 Bajo , 02630, La Roda(Albacete), Espa\u00f1a.<\/p>\n<p>Correo electr\u00f3nico de contacto: info@pitcli.com<\/p>\n<p>&nbsp;<\/p>\n<p>Finalidad del tratamiento de los datos personales<\/p>\n<p>Los datos personales son recogidos y gestionados por PITCLI en Pedido para cumplir con el deber de informaci\u00f3n y obtenci\u00f3n del consentimiento exigido por la normativa europea de protecci\u00f3n de datos personales, as\u00ed como para la gesti\u00f3n de la relaci\u00f3n con el Usuario, tanto la establecida por los formularios como la contractual con la correspondiente facturaci\u00f3n y cobro de los servicios. El suministro de datos para esta finalidad es obligatorio, impidiendo el cumplimiento del contrato en caso de no aceptarlo.<\/p>\n<p>Tambi\u00e9n ser\u00e1n tratados los datos para el env\u00edo de comunicaciones, art\u00edculos, circulares informativas redactadas por nuestros departamentos y relacionadas con nuestra actividad, salvo que usted manifieste su voluntad en contra por cualquier medio.<\/p>\n<p>Igualmente, los datos podr\u00e1n ser utilizados con una finalidad comercial de personalizaci\u00f3n, operativa y estad\u00edstica, y actividades propias del objeto social de PITCLI , as\u00ed como para la extracci\u00f3n, almacenamiento de datos y estudios de marketing para adecuar el contenido ofertado al Usuario, as\u00ed como mejorar la calidad, funcionamiento y navegaci\u00f3n por el Sitio Web.<\/p>\n<p>Datos que se tratan<\/p>\n<p>PITCLI , en el marco de su actividad, y condicionado a las finalidades consentidas por el Usuario, necesita tratar los siguientes datos estrictamente necesarios para la correcta gesti\u00f3n de la relaci\u00f3n contractual, y ser\u00e1 exclusivamente los que el Usuario haya facilitado:<\/p>\n<p>Datos identificativos (por ejemplo, nombre, apellido, idioma y pa\u00eds desde el que interact\u00faa con PITCLI , datos de contacto, etc.);<br \/>\nInformaci\u00f3n econ\u00f3mica y transaccional (por ejemplo, datos de pago o de tarjeta, informaci\u00f3n sobre compras, pedidos, devoluciones, etc)<br \/>\nDatos de conexi\u00f3n, geolocalizaci\u00f3n y navegaci\u00f3n (por ejemplo, datos de localizaci\u00f3n, el n\u00famero de identificaci\u00f3n del dispositivo o el ID de publicidad);<br \/>\nInformaci\u00f3n comercial (por ejemplo, suscripci\u00f3n a la newsletter)<\/p>\n<p>Algunos datos a rellenar en el Sitio Web para dar acceso a alguna funcionalidad o servicio, estar\u00e1n marcados como obligatorios, al ser datos que se necesitan para poder prestar el servicio en cuesti\u00f3n.<\/p>\n<p>Para gestionar el registro del Usuario en la Plataforma, se requerir\u00e1n los datos para identificarle como usuario y darle acceso a la misma a sus diferentes funcionalidades. Se puede cancelar la cuenta de usuario registrado contactando con Atenci\u00f3n al Usuario.<\/p>\n<p>Asimismo, para el desarrollo, cumplimiento y ejecuci\u00f3n del contrato de compra que el Usuario ha contratado con PITCLI . Esta finalidad incluye el tratamiento de los datos del usuario para contactar con \u00e9l sobre las actualizaciones de Pedido .<\/p>\n<p>Para gestionar el pago de los productos que el Usuario compre, independientemente del medio de pago elegido (por ejemplo, al activar el guardar datos de pago y autocompletarlo), as\u00ed como los posibles cambios o devoluciones.<\/p>\n<p>Con fines de facturaci\u00f3n y para poner a disposici\u00f3n del Usuario los tickets y facturas de las compras realizadas.<\/p>\n<p>Para poder atender a las solicitudes o peticiones realizadas por los canales de Atenci\u00f3n al Usuario.<\/p>\n<p>Para fines de marketing, poder personalizar los servicios ofrecidos y hacer recomendaciones en funci\u00f3n de la interacci\u00f3n del Usuario con la plataforma, as\u00ed como el an\u00e1lisis del perfil de usuario, en funci\u00f3n del historial de compra y navegaci\u00f3n.<\/p>\n<p>En la suscripci\u00f3n de la Newsletter, los datos a tratar ser\u00e1n los necesarios para gestionar la suscripci\u00f3n.<\/p>\n<p>Para fines de mejora de los servicios ofrecidos y de la calidad de los mismos.<\/p>\n<p>&nbsp;<\/p>\n<p>Categor\u00edas de datos personales<\/p>\n<p>Las categor\u00edas de datos que se tratan en PITCLI son \u00fanicamente datos identificativos. En ning\u00fan caso, se tratan categor\u00edas especiales de datos personales en el sentido del art\u00edculo 9 del RGPD.<\/p>\n<p>&nbsp;<\/p>\n<p>&nbsp;<\/p>\n<p>Registro de Datos de Car\u00e1cter Personal<\/p>\n<p>En cumplimiento de lo dispuesto en el RGPD y la LOPD-GDD, le informamos que los datos personales recabados por PITCLI , a trav\u00e9s de los formularios habilitados en sus p\u00e1ginas ser\u00e1n incorporados y tratados en nuestro fichero en Pedido para facilitar, agilizar y cumplir los compromisos establecidos entre PITCLI y el Usuario o el mantenimiento de la relaci\u00f3n que se establezca en los formularios que cumplimente, o para atender una solicitud o consulta del mismo. Asimismo, de acuerdo con lo establecido en el RGPD y en la LOPD-GDD, salvo que sea de aplicaci\u00f3n la excepci\u00f3n prevista en el art\u00edculo 30.5 del RGPD, se mantiene un registro de actividades de tratamiento que especifica, seg\u00fan sus finalidades, las actividades de tratamiento realizadas y otras circunstancias establecidas en el RGPD.<\/p>\n<p>&nbsp;<\/p>\n<p>Principios aplicables al tratamiento de los datos personales<\/p>\n<p>El tratamiento de los datos personales del Usuario se someter\u00e1 a los siguientes principios recogidos en el art\u00edculo 5 del RGPD y en el art\u00edculo 4 y siguientes de la Ley Org\u00e1nica 3\/2018, de 5 de diciembre, de Protecci\u00f3n de Datos Personales y garant\u00eda de los derechos digitales:<\/p>\n<p>Principio de licitud, lealtad y transparencia: se requerir\u00e1 en todo momento el consentimiento del Usuario previa informaci\u00f3n completamente transparente de los fines para los cuales se recogen los datos personales.<br \/>\nPrincipio de limitaci\u00f3n de la finalidad: los datos personales ser\u00e1n recogidos con fines determinados, expl\u00edcitos y leg\u00edtimos.<br \/>\nPrincipio de minimizaci\u00f3n de datos: los datos personales recogidos ser\u00e1n los estrictamente necesarios en relaci\u00f3n con los fines para los que son tratados.<br \/>\nPrincipio de exactitud: los datos personales deben ser exactos y estar siempre actualizados.<br \/>\nPrincipio de limitaci\u00f3n del plazo de conservaci\u00f3n: los datos personales s\u00f3lo ser\u00e1n mantenidos de forma que se permita la identificaci\u00f3n del Usuario durante el tiempo necesario para los fines de su tratamiento.<br \/>\nPrincipio de integridad y confidencialidad: los datos personales ser\u00e1n tratados de manera que se garantice su seguridad y confidencialidad.<br \/>\nPrincipio de responsabilidad proactiva: el Responsable del tratamiento ser\u00e1 responsable de asegurar que los principios anteriores se cumplen.<br \/>\nBase legal para el tratamiento de los datos personales<\/p>\n<p>La base legal para el tratamiento de los datos personales es el consentimiento. PITCLI se compromete a recabar el consentimiento expreso y verificable del Usuario para el tratamiento de sus datos personales para uno o varios fines espec\u00edficos.<\/p>\n<p>El Usuario tendr\u00e1 derecho a retirar su consentimiento en cualquier momento. Ser\u00e1 tan f\u00e1cil retirar el consentimiento como darlo. Como regla general, la retirada del consentimiento no condicionar\u00e1 el uso del Sitio Web.<\/p>\n<p>En las ocasiones en las que el Usuario deba o pueda facilitar sus datos a trav\u00e9s de formularios para realizar consultas, solicitar informaci\u00f3n o por motivos relacionados con el contenido del Sitio Web, se le informar\u00e1 en caso de que la cumplimentaci\u00f3n de alguno de ellos sea obligatoria debido a que los mismos sean imprescindibles para el correcto desarrollo de la operaci\u00f3n realizada.<\/p>\n<p>Plazo de tratamiento de los datos personales<\/p>\n<p>Los datos personales s\u00f3lo ser\u00e1n retenidos durante el tiempo m\u00ednimo necesario para los fines de su tratamiento, o hasta que el Usuario solicite su supresi\u00f3n.<\/p>\n<p>Los datos personales ser\u00e1n conservados mientras se mantenga la relaci\u00f3n contractual vigente, o bien durante un plazo de cinco a\u00f1os a partir de la \u00faltima relaci\u00f3n, siguiendo la normativa a efectos fiscales.<\/p>\n<p>No obstante, PITCLI seguir\u00e1 conservando la informaci\u00f3n del Usuario para el env\u00edo de posibles comunicaciones comerciales que sean de su inter\u00e9s, mientras que no se solicite su supresi\u00f3n por el interesado.<\/p>\n<p>&nbsp;<\/p>\n<p>Destinatarios de los datos personales<\/p>\n<p>No se comunicar\u00e1n los datos del Usuario a ning\u00fan tercero no relacionado con la prestaci\u00f3n del servicio, salvo obligaciones legales vigentes. En todo caso que cambie esta posibilidad se le informar\u00e1 debidamente solicitando su consentimiento para dicha cesi\u00f3n.<\/p>\n<p>No obstante, para la correcta prestaci\u00f3n de los servicios es posible que distintos prestadores de servicios contratados por nuestra entidad (encargados del tratamiento) puedan tener acceso a la informaci\u00f3n personal necesaria para realizar sus funciones.<\/p>\n<p>Para cumplir las finalidades indicadas en la presente Pol\u00edtica de Privacidad, es necesario que demos acceso a los datos personales del Usuario a terceras partes que presten apoyo a PITCLI en los servicios que te ofrecemos, a saber:<\/p>\n<p>Woocommerce \/ WordPress.org<br \/>\nEntidades financieras,<br \/>\nProveedores de servicios tecnol\u00f3gicos y anal\u00edtica,<br \/>\nProveedores y colaboradores de servicios de log\u00edstica, transporte y entrega o sus establecimientos asociados,<br \/>\nProveedores y colaboradores de servicios relacionados con marketing y publicidad, como agencias de publicidad, socios publicitarios o redes sociales que, en determinados casos, puedan actuar como controladores conjuntos.<\/p>\n<p>Derechos derivados del tratamiento de los datos personales<\/p>\n<p>El Usuario tiene sobre PITCLI y podr\u00e1, por tanto, ejercer frente al Responsable del tratamiento los siguientes derechos reconocidos en el RGPD y la Ley Org\u00e1nica 3\/2018, de 5 de diciembre, de Protecci\u00f3n de Datos Personales y garant\u00eda de los derechos digitales:<\/p>\n<p>Acceso: Es el derecho del Usuario a obtener confirmaci\u00f3n de si PITCLI est\u00e1 tratando o no sus datos personales y, en caso afirmativo, obtener informaci\u00f3n sobre sus datos concretos de car\u00e1cter personal y del tratamiento que PITCLI haya realizado o realice, as\u00ed como, entre otra, de la informaci\u00f3n disponible sobre el origen de dichos datos y los destinatarios de las comunicaciones realizadas o previstas de los mismos.<br \/>\nRectificaci\u00f3n: Es el derecho del Usuario a que se modifiquen sus datos personales que resulten ser inexactos o, teniendo en cuenta los fines del tratamiento, incompletos.<br \/>\nSupresi\u00f3n: Es el derecho del Usuario, siempre que la legislaci\u00f3n vigente no establezca lo contrario, a obtener la supresi\u00f3n de sus datos personales cuando estos ya no sean necesarios para los fines para los cuales fueron recogidos o tratados; el Usuario haya retirado su consentimiento al tratamiento y este no cuente con otra base legal; el Usuario se oponga al tratamiento y no exista otro motivo leg\u00edtimo para continuar con el mismo; los datos personales hayan sido tratados il\u00edcitamentemente; los datos personales deban suprimirse en cumplimiento de una obligaci\u00f3n legal; o los datos personales hayan sido obtenidos producto de una oferta directa de servicios de la sociedad de la informaci\u00f3n a un menor de 14 a\u00f1os. Adem\u00e1s de suprimir los datos, el Responsable del tratamiento, teniendo en cuenta la tecnolog\u00eda disponible y el coste de su aplicaci\u00f3n, deber\u00e1 adoptar medidas razonables para informar a los responsables que est\u00e9n tratando los datos personales de la solicitud del interesado de supresi\u00f3n de cualquier enlace a esos datos personales.<br \/>\nLimitaci\u00f3n del tratamiento: Es el derecho del Usuario a limitar el tratamiento de sus datos personales. El Usuario tiene derecho a obtener la limitaci\u00f3n del tratamiento cuando impugne la exactitud de sus datos personales; el tratamiento sea il\u00edcito; el Responsable del tratamiento ya no necesite los datos personales, pero el Usuario lo necesite para hacer reclamaciones; y cuando el Usuario se haya opuesto al tratamiento.<br \/>\nOposici\u00f3n: Es el derecho del Usuario a que no se lleve a cabo el tratamiento de sus datos de car\u00e1cter personal o se cese el tratamiento de los mismos por parte de PITCLI .<br \/>\nPortabilidad de los datos: En caso de que el tratamiento se efect\u00fae por medios automatizados, el Usuario tendr\u00e1 derecho a recibir del Responsable del tratamiento sus datos personales en un formato estructurado, de uso com\u00fan y lectura mec\u00e1nica, y a transmitirlos a otro responsable del tratamiento. Siempre que sea t\u00e9cnicamente posible, el Responsable del tratamiento transmitir\u00e1 directamente los datos a ese otro responsable.<br \/>\nDerecho a no ser objeto de una decisi\u00f3n basada \u00fanicamente en el tratamiento automatizado, incluida la elaboraci\u00f3n de perfiles: Es el derecho del Usuario a no ser objeto de una decisi\u00f3n individualizada basada \u00fanicamente en el tratamiento automatizado de sus datos personales, incluida la elaboraci\u00f3n de perfiles, existente salvo que la legislaci\u00f3n vigente establezca lo contrario.<br \/>\nAs\u00ed pues, el Usuario podr\u00e1 ejercitar sus derechos mediante comunicaci\u00f3n escrita dirigida al Responsable del tratamiento con la referencia \u00abRGPD\u00bb, especificando:<\/p>\n<p>Nombre, apellidos del usuario y copia del DNI.<br \/>\nPetici\u00f3n con los motivos espec\u00edficos de la solicitud o informaci\u00f3n a la que se quiere acceder.<br \/>\nDomicilio a efecto de notificaciones.<br \/>\nFecha y firma del solicitante.<br \/>\nTodo documento que acredite la petici\u00f3n que formula.<br \/>\nEsta solicitud y todo otro documento adjunto podr\u00e1 enviarse a la siguiente direcci\u00f3n y\/o correo electr\u00f3nico:<\/p>\n<p>Direcci\u00f3n postal: C\/ Ram\u00f3n Men\u00e9ndez Pidal n\u00ba3 bajo, 02630, La Roda (Albacete), Espa\u00f1a.<\/p>\n<p>Correo electr\u00f3nico: info@pitcli.com<\/p>\n<p>Secreto y seguridad de los datos personales<\/p>\n<p>PITCLI se compromete a adoptar las medidas t\u00e9cnicas y organizativas necesarias, seg\u00fan el nivel de seguridad adecuado al riesgo de los datos recogidos, de forma que se garantice la seguridad de los datos de car\u00e1cter personal y se evite la destrucci\u00f3n, p\u00e9rdida o alteraci\u00f3n accidental o il\u00edcita de datos personales transmitidos, conservados o tratados de otra forma, o la comunicaci\u00f3n o acceso no autorizados a dichos datos.<\/p>\n<p>El Sitio Web cuenta con un certificado SSL (Secure Socket Layer), que asegura que los datos personales se transmiten de forma segura y confidencial, al ser la transmisi\u00f3n de los datos entre el servidor y el Usuario, y en retroalimentaci\u00f3n, totalmente cifrada o encriptada.<\/p>\n<p>Sin embargo, debido a que PITCLI no puede garantizar la inexpugnabilidad de internet ni la ausencia total de hackers u otros que accedan de modo fraudulento a los datos personales, el Responsable del tratamiento se compromete a comunicar al Usuario sin dilaci\u00f3n indebida cuando ocurra una violaci\u00f3n de la seguridad de los datos personales que sea probable que entra\u00f1e un alto riesgo para los derechos y libertades de las personas f\u00edsicas. Siguiendo lo establecido en el art\u00edculo 4 del RGPD, se entiende por violaci\u00f3n de la seguridad de los datos personales toda violaci\u00f3n de la seguridad que ocasione la destrucci\u00f3n, p\u00e9rdida o alteraci\u00f3n accidental o il\u00edcita de datos personales transmitidos, conservados o tratados de otra forma, o la comunicaci\u00f3n o acceso no autorizados a dichos datos.<\/p>\n<p>Los datos personales ser\u00e1n tratados como confidenciales por el Responsable del tratamiento, quien se compromete a informar de y a garantizar por medio de una obligaci\u00f3n legal o contractual que dicha confidencialidad sea respetada por sus empleados, asociados, y toda persona a la cual le haga accesible la informaci\u00f3n.<\/p>\n<p>Enlaces a sitios web de terceros<\/p>\n<p>El Sitio Web puede incluir hiperv\u00ednculos o enlaces que permiten acceder a p\u00e1ginas web de terceros distintos de PITCLI , y que por tanto no son operados por PITCLI . Los titulares de dichos sitios web dispondr\u00e1n de sus propias pol\u00edticas de protecci\u00f3n de datos, siendo ellos mismos, en cada caso, responsables de sus propios ficheros y de sus propias pr\u00e1cticas de privacidad.<\/p>\n<p>Reclamaciones ante la autoridad de control<\/p>\n<p>En caso de que el Usuario considere que existe un problema o infracci\u00f3n de la normativa vigente en la forma en la que se est\u00e1n tratando sus datos personales, tendr\u00e1 derecho a la tutela judicial efectiva y a presentar una reclamaci\u00f3n ante una autoridad de control, en particular, en el Estado en el que tenga su residencia habitual, lugar de trabajo o lugar de la supuesta infracci\u00f3n. En el caso de Espa\u00f1a, la autoridad de control es la Agencia Espa\u00f1ola de Protecci\u00f3n de Datos (https:\/\/www.aepd.es\/).<\/p>\n<p>&nbsp;<\/p>\n<p>2. ACEPTACI\u00d3N Y CAMBIOS EN ESTA POL\u00cdTICA DE PRIVACIDAD<\/p>\n<p>Es necesario que el Usuario haya le\u00eddo y est\u00e9 conforme con las condiciones sobre la protecci\u00f3n de datos de car\u00e1cter personal contenidas en esta Pol\u00edtica de Privacidad, as\u00ed como que acepte el tratamiento de sus datos personales para que el Responsable del tratamiento pueda proceder al mismo en la forma, durante los plazos y para las finalidades indicadas. El uso del Sitio Web implicar\u00e1 la aceptaci\u00f3n de la Pol\u00edtica de Privacidad del mismo.<\/p>\n<p>PITCLI se reserva el derecho a modificar su Pol\u00edtica de Privacidad, de acuerdo a su propio criterio, o motivado por un cambio legislativo, jurisprudencial o doctrinal de la Agencia Espa\u00f1ola de Protecci\u00f3n de Datos. Los cambios o actualizaciones de esta Pol\u00edtica de Privacidad no ser\u00e1n notificados de forma expl\u00edcita al Usuario. Se recomienda al Usuario consultar esta p\u00e1gina de forma peri\u00f3dica para estar al tanto de los \u00faltimos cambios o actualizaciones.<\/p>\n<p>Esta Pol\u00edtica de Privacidad fue actualizada para adaptarse al Reglamento (UE) 2016\/679 del Parlamento Europeo y del Consejo, de 27 de abril de 2016, relativo a la protecci\u00f3n de las personas f\u00edsicas en lo que respecta al tratamiento de datos personales y a la libre circulaci\u00f3n de estos datos (RGPD) y a la Ley Org\u00e1nica 3\/2018, de 5 de diciembre, de Protecci\u00f3n de Datos Personales y garant\u00eda de los derechos digitales.<\/p>","protected":false},"excerpt":{"rendered":"<p>Pol\u00edtica de privacidad POLITICA DE PRIVACIDAD DEL SITIO WEB www.pitcli.com POL\u00cdTICA DE PRIVACIDAD Y PROTECCI\u00d3N DE DATOS Respetando lo establecido en la legislaci\u00f3n vigente, PITCLI (en adelante, tambi\u00e9n Sitio Web)&#8230;<\/p>","protected":false},"author":4,"featured_media":0,"parent":0,"menu_order":0,"comment_status":"closed","ping_status":"closed","template":"","meta":{"_joinchat":[],"footnotes":""},"class_list":["post-4495","page","type-page","status-publish"],"_links":{"self":[{"href":"https:\/\/www.pitcli.com\/en\/wp-json\/wp\/v2\/pages\/4495","targetHints":{"allow":["GET"]}}],"collection":[{"href":"https:\/\/www.pitcli.com\/en\/wp-json\/wp\/v2\/pages"}],"about":[{"href":"https:\/\/www.pitcli.com\/en\/wp-json\/wp\/v2\/types\/page"}],"author":[{"embeddable":true,"href":"https:\/\/www.pitcli.com\/en\/wp-json\/wp\/v2\/users\/4"}],"replies":[{"embeddable":true,"href":"https:\/\/www.pitcli.com\/en\/wp-json\/wp\/v2\/comments?post=4495"}],"version-history":[{"count":4,"href":"https:\/\/www.pitcli.com\/en\/wp-json\/wp\/v2\/pages\/4495\/revisions"}],"predecessor-version":[{"id":14772,"href":"https:\/\/www.pitcli.com\/en\/wp-json\/wp\/v2\/pages\/4495\/revisions\/14772"}],"wp:attachment":[{"href":"https:\/\/www.pitcli.com\/en\/wp-json\/wp\/v2\/media?parent=4495"}],"curies":[{"name":"wp","href":"https:\/\/api.w.org\/{rel}","templated":true}]}}