{"id":4524,"date":"2022-10-31T11:13:04","date_gmt":"2022-10-31T10:13:04","guid":{"rendered":"https:\/\/www.pitcli.com\/?page_id=4524"},"modified":"2025-07-16T08:03:03","modified_gmt":"2025-07-16T07:03:03","slug":"politica-de-cookies","status":"publish","type":"page","link":"https:\/\/www.pitcli.com\/en\/politica-de-cookies\/","title":{"rendered":"Pol\u00edtica de cookies"},"content":{"rendered":"<h1>Pol\u00edtica de Cookies<\/h1>\n<p>1. Informaci\u00f3n sobre la utilizaci\u00f3n de cookies \u2013 ley de cookies<br \/>\nEn esta Web se pueden estar utilizando cookies en algunas p\u00e1ginas. La finalidad de dichas cookies es mejorar el servicio que ofrecen a sus clientes y a nuestros visitantes. En caso de ser instaladas, el administrador de esta Web le solicitara su consentimiento para hacerlo, y tendr\u00e1 opci\u00f3n de aceptarlo.<br \/>\nArt. 22 LSSI.- \u201cLos prestadores de servicios podr\u00e1n utilizar dispositivos de almacenamiento y recuperaci\u00f3n de datos en equipos terminales de los destinatarios, a condici\u00f3n de que los mismos hayan dado su consentimiento despu\u00e9s de que se les haya facilitado informaci\u00f3n clara y completa sobre su utilizaci\u00f3n, en particular, sobre los fines del tratamiento de los datos, con arreglo a lo dispuesto en la Ley Org\u00e1nica 15\/1999, de 13 de diciembre, de Protecci\u00f3n de Datos de Car\u00e1cter Personal, Cuando sea t\u00e9cnicamente posible y eficaz, el consentimiento del destinatario para aceptar el tratamiento de los datos podr\u00e1 facilitarse mediante el uso de los par\u00e1metros adecuados del navegador o de otras aplicaciones, siempre que aqu\u00e9l deba proceder a su configuraci\u00f3n durante su instalaci\u00f3n o actualizaci\u00f3n mediante una acci\u00f3n expresa a tal efecto. Lo anterior no impedir\u00e1 el posible almacenamiento o acceso de \u00edndole t\u00e9cnica al solo fin de efectuar la transmisi\u00f3n de una comunicaci\u00f3n por una red de comunicaciones electr\u00f3nicas o, en la medida que resulte estrictamente necesario, para la prestaci\u00f3n de un servicio de la sociedad de la informaci\u00f3n expresamente solicitado por el destinatario.\u201d<br \/>\nUna \u00abCookie\u00bb es un peque\u00f1o archivo que se almacena en el ordenador del usuario y nos permite reconocerle. El conjunto de \u00abcookies\u00bb nos ayuda a mejorar la calidad de nuestra web, permiti\u00e9ndonos controlar qu\u00e9 p\u00e1ginas encuentran nuestros usuarios \u00fatiles y cu\u00e1les no.<\/p>\n<p>2. Administraci\u00f3n de cookies y revocaci\u00f3n del consentimiento prestado<br \/>\nLe informamos que usted puede rechazar el uso e instalaci\u00f3n de las cookies de esta web cambiando la configuraci\u00f3n de su navegador, pudiendo seguir usando este sitio web, tambi\u00e9n le advertimos que puede verse limitada la experiencia de uso de esta web si cambia algunas de las opciones que le damos:<\/p>\n<p>3. Administraci\u00f3n de cookies por navegador<br \/>\nGoogle Chrome,<br \/>\nhttp:\/\/support.google.com\/chrome\/bin\/answer.py?hl=es&#038;answer=95647<br \/>\nExplorer,<br \/>\nhttp:\/\/windows.microsoft.com\/es-es\/windows7\/how-to-manage-cookies-in-internet-explorer-9<br \/>\nFirefox,<br \/>\nhttp:\/\/support.mozilla.org\/es\/kb\/habilitar-y-deshabilitar-cookies-que-los-sitios-we<br \/>\nSafari,<br \/>\nhttp:\/\/support.apple.com\/kb\/ph5042<\/p>\n<p>Muchos navegadores permiten activar un modo privado mediante el cual las cookies se borran siempre despu\u00e9s de su visita. Dependiendo de cada navegador, este modo privado puede tener diferentes nombres, abajo puede encontrar una lista de los navegadores m\u00e1s comunes y los diferentes nombres de este \u201cmodo privado\u201d:<br \/>\n\u2663 Internet Explorer 8 y superior: InPrivate<br \/>\n\u2663 FireFox 3.5 y superior: Navegaci\u00f3n Privada<br \/>\n\u2663 Google Chrome 10 y superior: Inc\u00f3gnito<br \/>\n\u2663 Safari 2 y superior: Navegaci\u00f3n Privada<br \/>\n\u2663 Opera 10.5 y superior: Navegaci\u00f3n Privada<\/p>\n<p>Por favor, lea atentamente la secci\u00f3n de ayuda de su navegador para conocer m\u00e1s acerca de c\u00f3mo activar el \u201cmodo privado\u201d. Podr\u00e1 seguir visitando nuestra Web aunque su navegador est\u00e9 en \u201cmodo privado\u201d, no obstante, la experiencia de usuario puede no ser \u00f3ptima y algunas utilidades pueden no funcionar.<br \/>\nSi necesita m\u00e1s informaci\u00f3n acerca del bloqueo en su equipo de cookies, no dude en atender la explicaci\u00f3n que se le da en este enlace Web: http:\/\/windows.microsoft.com\/es-es\/windows-vista\/block-or-allow-cookies<\/p>\n<p>Aunque las cookies son esenciales para el funcionamiento de internet, aportando innumerables ventajas en la prestaci\u00f3n de servicios interactivos, facilit\u00e1ndole la navegaci\u00f3n y el uso de nuestra web. Las cookies no pueden da\u00f1ar su equipo y que, a cambio, el que est\u00e9n activadas nos ayudan a identificar y resolver los errores.<\/p>\n<p>4. Tipos de cookies<br \/>\nLa informaci\u00f3n que le proporcionamos a continuaci\u00f3n, le ayudar\u00e1 a comprender los diferentes tipos de cookies:<br \/>\nCookies de sesi\u00f3n: son cookies temporales que permanecen en el archivo de cookies de su navegador hasta que abandone la p\u00e1gina web, por lo que ninguna queda registrada en el disco duro del usuario. La informaci\u00f3n obtenida por medio de estas cookies, sirven para analizar pautas de tr\u00e1fico en la web. A la larga, esto nos permite proporcionar una mejor experiencia para mejorar el contenido y facilitando su uso.<br \/>\nCookies permanentes: son almacenadas en el disco duro y nuestra web las lee cada vez que usted realiza una nueva visita. Una web permanente posee una fecha de expiraci\u00f3n determinada. La cookie dejar\u00e1 de funcionar despu\u00e9s de esa fecha. Las utilizamos, generalmente, para facilitar los servicios de compra y registro.<br \/>\nAdem\u00e1s le informamos que las cookies permiten obtener la siguiente informaci\u00f3n:<br \/>\n\u2663 Fecha y hora de la \u00faltima vez que el usuario visit\u00f3 la Web<br \/>\n\u2663 Dise\u00f1o de contenido que el usuario escogi\u00f3 en su primera visita a la web<br \/>\n\u2663 Elementos de seguridad que intervienen en el control de acceso a las \u00e1reas restringidas<br \/>\n\u2663 Otro tipo de informaci\u00f3n de determinadas cookies espec\u00edficas<\/p>\n<p>En todo caso y en cumplimiento de la \u201cLey de Cookies\u201d Ley 13\/2012 de 30 de marzo, y del art. 22 de la LSSI, nuestra p\u00e1gina Web, en caso de instalar alguna cookie le solicitara su consentimiento previo a la instalaci\u00f3n de la misma en el mismo momento que indexe nuestra direcci\u00f3n Web.<br \/>\nEn algunos casos, el hecho de no aceptar la instalaci\u00f3n de las mismas, nuestra p\u00e1gina Web puede no dejarle continuar navegando en la misma. Y algunos de nuestros servicios podr\u00edan no funcionar adecuadamente.<\/p>\n<p>5. Cookies en nuestra web<br \/>\nDentro de esta Web, pueden ser utilizadas estos tipos de Cookies, distinguiendo:<br \/>\nLas cookies estrictamente necesarias como por ejemplo, aquellas que sirvan para una correcta navegaci\u00f3n o las que permitan realizar el pago de bienes o servicios solicitados por el usuario o cookies que sirvan para asegurar que el contenido de la p\u00e1gina web se carga eficazmente y correctamente.<br \/>\nLas cookies de terceros, son las usadas por redes sociales, o por complementos externos de contenido como por ejemplo google maps, redes sociales\u2026 etc.<\/p>\n<p>Las cookies anal\u00edticas con intenciones de mantenimiento peri\u00f3dico, y para garantizar el mejor servicio posible al usuario, se hacen uso normalmente de cookies anal\u00edticas para recopilar datos estad\u00edsticos de la actividad.<\/p>","protected":false},"excerpt":{"rendered":"<p>Pol\u00edtica de Cookies 1. Informaci\u00f3n sobre la utilizaci\u00f3n de cookies \u2013 ley de cookies En esta Web se pueden estar utilizando cookies en algunas p\u00e1ginas. La finalidad de dichas cookies&#8230;<\/p>","protected":false},"author":4,"featured_media":0,"parent":0,"menu_order":0,"comment_status":"closed","ping_status":"closed","template":"","meta":{"_joinchat":[],"footnotes":""},"class_list":["post-4524","page","type-page","status-publish"],"_links":{"self":[{"href":"https:\/\/www.pitcli.com\/en\/wp-json\/wp\/v2\/pages\/4524","targetHints":{"allow":["GET"]}}],"collection":[{"href":"https:\/\/www.pitcli.com\/en\/wp-json\/wp\/v2\/pages"}],"about":[{"href":"https:\/\/www.pitcli.com\/en\/wp-json\/wp\/v2\/types\/page"}],"author":[{"embeddable":true,"href":"https:\/\/www.pitcli.com\/en\/wp-json\/wp\/v2\/users\/4"}],"replies":[{"embeddable":true,"href":"https:\/\/www.pitcli.com\/en\/wp-json\/wp\/v2\/comments?post=4524"}],"version-history":[{"count":3,"href":"https:\/\/www.pitcli.com\/en\/wp-json\/wp\/v2\/pages\/4524\/revisions"}],"predecessor-version":[{"id":14771,"href":"https:\/\/www.pitcli.com\/en\/wp-json\/wp\/v2\/pages\/4524\/revisions\/14771"}],"wp:attachment":[{"href":"https:\/\/www.pitcli.com\/en\/wp-json\/wp\/v2\/media?parent=4524"}],"curies":[{"name":"wp","href":"https:\/\/api.w.org\/{rel}","templated":true}]}}