{"id":10214,"date":"2023-10-26T21:17:27","date_gmt":"2023-10-26T20:17:27","guid":{"rendered":"https:\/\/www.pitcli.com\/?post_type=product&#038;p=10214"},"modified":"2026-04-11T20:56:06","modified_gmt":"2026-04-11T19:56:06","slug":"calcetines-corazones-mexicanos","status":"publish","type":"product","link":"https:\/\/www.pitcli.com\/en\/product\/calcetines-corazones-mexicanos\/","title":{"rendered":"Calcetines \u00abGuadalupe\u00bb"},"content":{"rendered":"","protected":false},"excerpt":{"rendered":"<p>82% Algod\u00f3n 15% Poli\u00e9ster, 3%Elastano.<\/p>\n<p>\u00bfQui\u00e9n le puede decir que no a los calcetines? Calentitos, c\u00f3modos, coloridos y adem\u00e1s de chul\u00edsimos!!!<\/p>\n<p>PON COLOR A TU INVIERNO! PON COLOR A TUS PIES!!!<\/p>\n<a href=\"\/wp-content\/uploads\/2022\/10\/envios.jpg\" class=\"laroda\" data-fancybox>ENV\u00cdOS Y DEVOLUCIONES<\/a>","protected":false},"featured_media":15035,"comment_status":"closed","ping_status":"closed","template":"","meta":{"_joinchat":[]},"product_brand":[],"product_cat":[60,62,131],"product_tag":[],"class_list":{"0":"post-10214","1":"product","2":"type-product","3":"status-publish","4":"has-post-thumbnail","6":"product_cat-accesorios","7":"product_cat-calcetines","8":"product_cat-novedades","9":"product_shipping_class-ropa","11":"first","12":"instock","13":"featured","14":"taxable","15":"shipping-taxable","16":"purchasable","17":"product-type-variable"},"_links":{"self":[{"href":"https:\/\/www.pitcli.com\/en\/wp-json\/wp\/v2\/product\/10214","targetHints":{"allow":["GET"]}}],"collection":[{"href":"https:\/\/www.pitcli.com\/en\/wp-json\/wp\/v2\/product"}],"about":[{"href":"https:\/\/www.pitcli.com\/en\/wp-json\/wp\/v2\/types\/product"}],"replies":[{"embeddable":true,"href":"https:\/\/www.pitcli.com\/en\/wp-json\/wp\/v2\/comments?post=10214"}],"wp:featuredmedia":[{"embeddable":true,"href":"https:\/\/www.pitcli.com\/en\/wp-json\/wp\/v2\/media\/15035"}],"wp:attachment":[{"href":"https:\/\/www.pitcli.com\/en\/wp-json\/wp\/v2\/media?parent=10214"}],"wp:term":[{"taxonomy":"product_brand","embeddable":true,"href":"https:\/\/www.pitcli.com\/en\/wp-json\/wp\/v2\/product_brand?post=10214"},{"taxonomy":"product_cat","embeddable":true,"href":"https:\/\/www.pitcli.com\/en\/wp-json\/wp\/v2\/product_cat?post=10214"},{"taxonomy":"product_tag","embeddable":true,"href":"https:\/\/www.pitcli.com\/en\/wp-json\/wp\/v2\/product_tag?post=10214"}],"curies":[{"name":"wp","href":"https:\/\/api.w.org\/{rel}","templated":true}]}}