{"id":10557,"date":"2023-12-03T17:16:09","date_gmt":"2023-12-03T16:16:09","guid":{"rendered":"https:\/\/www.pitcli.com\/?post_type=product&#038;p=10557"},"modified":"2026-02-12T19:08:44","modified_gmt":"2026-02-12T18:08:44","slug":"calcetines-corazon-en-llamas","status":"publish","type":"product","link":"https:\/\/www.pitcli.com\/en\/product\/calcetines-corazon-en-llamas\/","title":{"rendered":"Calcetines \u00abCoraz\u00f3n en llamas\u00bb"},"content":{"rendered":"","protected":false},"excerpt":{"rendered":"<p>82% Algod\u00f3n 15% Poli\u00e9ster, 3%Elastano.<\/p>\n<p>\u00bfQui\u00e9n le puede decir que no a los calcetines? Calentitos, c\u00f3modos, coloridos y adem\u00e1s de chul\u00edsimos!!!<\/p>\n<p>PON COLOR A TU INVIERNO! PON COLOR A TUS PIES!!!<\/p>\n<a href=\"\/wp-content\/uploads\/2022\/10\/envios.jpg\" class=\"laroda\" data-fancybox>ENV\u00cdOS Y DEVOLUCIONES<\/a>","protected":false},"featured_media":10560,"comment_status":"closed","ping_status":"closed","template":"","meta":{"_joinchat":[]},"product_brand":[],"product_cat":[60,62,122],"product_tag":[],"class_list":{"0":"post-10557","1":"product","2":"type-product","3":"status-publish","4":"has-post-thumbnail","6":"product_cat-accesorios","7":"product_cat-calcetines","8":"product_cat-outlet","9":"product_shipping_class-ropa","11":"first","12":"instock","13":"sale","14":"featured","15":"taxable","16":"shipping-taxable","17":"purchasable","18":"product-type-variable"},"_links":{"self":[{"href":"https:\/\/www.pitcli.com\/en\/wp-json\/wp\/v2\/product\/10557","targetHints":{"allow":["GET"]}}],"collection":[{"href":"https:\/\/www.pitcli.com\/en\/wp-json\/wp\/v2\/product"}],"about":[{"href":"https:\/\/www.pitcli.com\/en\/wp-json\/wp\/v2\/types\/product"}],"replies":[{"embeddable":true,"href":"https:\/\/www.pitcli.com\/en\/wp-json\/wp\/v2\/comments?post=10557"}],"wp:featuredmedia":[{"embeddable":true,"href":"https:\/\/www.pitcli.com\/en\/wp-json\/wp\/v2\/media\/10560"}],"wp:attachment":[{"href":"https:\/\/www.pitcli.com\/en\/wp-json\/wp\/v2\/media?parent=10557"}],"wp:term":[{"taxonomy":"product_brand","embeddable":true,"href":"https:\/\/www.pitcli.com\/en\/wp-json\/wp\/v2\/product_brand?post=10557"},{"taxonomy":"product_cat","embeddable":true,"href":"https:\/\/www.pitcli.com\/en\/wp-json\/wp\/v2\/product_cat?post=10557"},{"taxonomy":"product_tag","embeddable":true,"href":"https:\/\/www.pitcli.com\/en\/wp-json\/wp\/v2\/product_tag?post=10557"}],"curies":[{"name":"wp","href":"https:\/\/api.w.org\/{rel}","templated":true}]}}