{"id":12863,"date":"2024-11-16T11:11:22","date_gmt":"2024-11-16T10:11:22","guid":{"rendered":"https:\/\/www.pitcli.com\/?post_type=product&#038;p=12863"},"modified":"2026-04-20T11:39:01","modified_gmt":"2026-04-20T10:39:01","slug":"sudadera-amelie-baby","status":"publish","type":"product","link":"https:\/\/www.pitcli.com\/en\/product\/sudadera-amelie-baby\/","title":{"rendered":"Sudadera \u00abAmelie\u00bb Baby"},"content":{"rendered":"","protected":false},"excerpt":{"rendered":"<p><span style=\"color: #ff00ff;\"><strong>ONLINE Y TIENDA F\u00cdSICA<\/strong><\/span><\/p>\n<p>Sudadera de manga larga, de un verde mar, lleno de lunares rosas!! La combinaci\u00f3n es perfecta!!!<\/p>\n<p>Calentita, suave, c\u00f3moda&#8230;con aberturas laterales. Detalle de el\u00e1stico en cadera y pu\u00f1os con brilli brilli!<\/p>\n<p>Y qu\u00e9 decir de la ilustraci\u00f3n! nuestra amada y so\u00f1adora \u00abAmelie\u00bb<\/p>\n<p>\u00c1ngela lleva la talla 5-6 a\u00f1os.<\/p>\n<p>96% Poli\u00e9ster 4% Elastano<\/p>\n<a href=\"\/wp-content\/uploads\/2024\/10\/DESTINO-BABY-3.jpg\" class=\"laroda\" data-fancybox>GU\u00cdA DE TALLAS<\/a>\n<a href=\"\/wp-content\/uploads\/2022\/10\/composicion.jpg\" class=\"laroda\" data-fancybox>COMPOSICI\u00d3N Y LAVADO<\/a>\n<a href=\"\/wp-content\/uploads\/2022\/10\/envios.jpg\" class=\"laroda\" data-fancybox>ENV\u00cdOS Y DEVOLUCIONES<\/a>","protected":false},"featured_media":12869,"comment_status":"closed","ping_status":"closed","template":"","meta":{"_joinchat":[]},"product_brand":[],"product_cat":[147,149,122,150],"product_tag":[],"class_list":{"0":"post-12863","1":"product","2":"type-product","3":"status-publish","4":"has-post-thumbnail","6":"product_cat-nina","7":"product_cat-exclusivo-online","8":"product_cat-outlet","9":"product_cat-sudaderas","10":"product_shipping_class-ropa","12":"first","13":"instock","14":"sale","15":"featured","16":"taxable","17":"shipping-taxable","18":"purchasable","19":"product-type-variable"},"_links":{"self":[{"href":"https:\/\/www.pitcli.com\/en\/wp-json\/wp\/v2\/product\/12863","targetHints":{"allow":["GET"]}}],"collection":[{"href":"https:\/\/www.pitcli.com\/en\/wp-json\/wp\/v2\/product"}],"about":[{"href":"https:\/\/www.pitcli.com\/en\/wp-json\/wp\/v2\/types\/product"}],"replies":[{"embeddable":true,"href":"https:\/\/www.pitcli.com\/en\/wp-json\/wp\/v2\/comments?post=12863"}],"wp:featuredmedia":[{"embeddable":true,"href":"https:\/\/www.pitcli.com\/en\/wp-json\/wp\/v2\/media\/12869"}],"wp:attachment":[{"href":"https:\/\/www.pitcli.com\/en\/wp-json\/wp\/v2\/media?parent=12863"}],"wp:term":[{"taxonomy":"product_brand","embeddable":true,"href":"https:\/\/www.pitcli.com\/en\/wp-json\/wp\/v2\/product_brand?post=12863"},{"taxonomy":"product_cat","embeddable":true,"href":"https:\/\/www.pitcli.com\/en\/wp-json\/wp\/v2\/product_cat?post=12863"},{"taxonomy":"product_tag","embeddable":true,"href":"https:\/\/www.pitcli.com\/en\/wp-json\/wp\/v2\/product_tag?post=12863"}],"curies":[{"name":"wp","href":"https:\/\/api.w.org\/{rel}","templated":true}]}}