{"id":13355,"date":"2023-12-11T14:57:46","date_gmt":"2023-12-11T13:57:46","guid":{"rendered":"https:\/\/www.pitcli.com\/?post_type=product&#038;p=10640"},"modified":"2026-01-12T22:08:02","modified_gmt":"2026-01-12T21:08:02","slug":"bufanda-skull-blanca-2","status":"publish","type":"product","link":"https:\/\/www.pitcli.com\/en\/product\/bufanda-skull-blanca-2\/","title":{"rendered":"Gorro y Bufanda \u00abSkull\u00bb blanca"},"content":{"rendered":"","protected":false},"excerpt":{"rendered":"<p>Gorro tejido en lana y bufanda tejida 100% acr\u00edlica, llena de nuestras calaveras m\u00e1s ic\u00f3nicas y divertidas!!<\/p>\n<p>MEDIDAS BUFANDA: 130 X 20 CM<\/p>\n<a href=\"\/wp-content\/uploads\/2022\/10\/envios.jpg\" class=\"laroda\" data-fancybox>ENV\u00cdOS Y DEVOLUCIONES<\/a>","protected":false},"featured_media":10652,"comment_status":"closed","ping_status":"closed","template":"","meta":{"_joinchat":[]},"product_brand":[],"product_cat":[60,16,133],"product_tag":[],"class_list":{"0":"post-13355","1":"product","2":"type-product","3":"status-publish","4":"has-post-thumbnail","6":"product_cat-accesorios","7":"product_cat-black-friday","8":"product_cat-gorros-y-bufandas","9":"product_shipping_class-ropa","11":"first","12":"instock","13":"sale","14":"featured","15":"taxable","16":"shipping-taxable","17":"purchasable","18":"product-type-simple"},"_links":{"self":[{"href":"https:\/\/www.pitcli.com\/en\/wp-json\/wp\/v2\/product\/13355","targetHints":{"allow":["GET"]}}],"collection":[{"href":"https:\/\/www.pitcli.com\/en\/wp-json\/wp\/v2\/product"}],"about":[{"href":"https:\/\/www.pitcli.com\/en\/wp-json\/wp\/v2\/types\/product"}],"replies":[{"embeddable":true,"href":"https:\/\/www.pitcli.com\/en\/wp-json\/wp\/v2\/comments?post=13355"}],"wp:featuredmedia":[{"embeddable":true,"href":"https:\/\/www.pitcli.com\/en\/wp-json\/wp\/v2\/media\/10652"}],"wp:attachment":[{"href":"https:\/\/www.pitcli.com\/en\/wp-json\/wp\/v2\/media?parent=13355"}],"wp:term":[{"taxonomy":"product_brand","embeddable":true,"href":"https:\/\/www.pitcli.com\/en\/wp-json\/wp\/v2\/product_brand?post=13355"},{"taxonomy":"product_cat","embeddable":true,"href":"https:\/\/www.pitcli.com\/en\/wp-json\/wp\/v2\/product_cat?post=13355"},{"taxonomy":"product_tag","embeddable":true,"href":"https:\/\/www.pitcli.com\/en\/wp-json\/wp\/v2\/product_tag?post=13355"}],"curies":[{"name":"wp","href":"https:\/\/api.w.org\/{rel}","templated":true}]}}