{"id":14372,"date":"2025-04-30T16:24:13","date_gmt":"2025-04-30T15:24:13","guid":{"rendered":"https:\/\/www.pitcli.com\/?post_type=product&#038;p=14372"},"modified":"2026-05-04T15:36:57","modified_gmt":"2026-05-04T14:36:57","slug":"blusa-pippi","status":"publish","type":"product","link":"https:\/\/www.pitcli.com\/en\/product\/blusa-pippi\/","title":{"rendered":"Blusa \u00abPippi\u00bb"},"content":{"rendered":"","protected":false},"excerpt":{"rendered":"<p>Blusa de manga corta, con cuello redondo y bajo acabado en peplum.<\/p>\n<p>De color blanco, lleno de lunares negros, como el caballo de Pippi (El peque\u00f1o T\u00edo) En las mangas, el monito, Tit\u00ed Se\u00f1or Nilsson.<\/p>\n<p>Ilustraci\u00f3n preciosa de Pippi Calzaslargas, llena de color y poder.<\/p>\n<p>Sienta muy bonita y elegante.<\/p>\n<p>92% POLI\u00c9STER 8% ELASTANO<\/p>\n<p>Inma lleva la talla XS<\/p>\n<a href=\"\/wp-content\/uploads\/2025\/05\/bea24922-629c-4595-a6c3-e985622cbe06.jpeg\" class=\"laroda\" data-fancybox>GU\u00cdA DE TALLAS<\/a>\n<a href=\"\/wp-content\/uploads\/2022\/10\/composicion.jpg\" class=\"laroda\" data-fancybox>COMPOSICI\u00d3N Y LAVADO<\/a>\n<a href=\"\/wp-content\/uploads\/2022\/10\/envios.jpg\" class=\"laroda\" data-fancybox>ENV\u00cdOS Y DEVOLUCIONES<\/a>","protected":false},"featured_media":14379,"comment_status":"closed","ping_status":"closed","template":"","meta":{"_joinchat":[]},"product_brand":[],"product_cat":[26,18,131],"product_tag":[],"class_list":{"0":"post-14372","1":"product","2":"type-product","3":"status-publish","4":"has-post-thumbnail","6":"product_cat-blusas-camisas","7":"product_cat-mujer","8":"product_cat-novedades","9":"product_shipping_class-ropa","11":"first","12":"instock","13":"taxable","14":"shipping-taxable","15":"purchasable","16":"product-type-variable"},"_links":{"self":[{"href":"https:\/\/www.pitcli.com\/en\/wp-json\/wp\/v2\/product\/14372","targetHints":{"allow":["GET"]}}],"collection":[{"href":"https:\/\/www.pitcli.com\/en\/wp-json\/wp\/v2\/product"}],"about":[{"href":"https:\/\/www.pitcli.com\/en\/wp-json\/wp\/v2\/types\/product"}],"replies":[{"embeddable":true,"href":"https:\/\/www.pitcli.com\/en\/wp-json\/wp\/v2\/comments?post=14372"}],"wp:featuredmedia":[{"embeddable":true,"href":"https:\/\/www.pitcli.com\/en\/wp-json\/wp\/v2\/media\/14379"}],"wp:attachment":[{"href":"https:\/\/www.pitcli.com\/en\/wp-json\/wp\/v2\/media?parent=14372"}],"wp:term":[{"taxonomy":"product_brand","embeddable":true,"href":"https:\/\/www.pitcli.com\/en\/wp-json\/wp\/v2\/product_brand?post=14372"},{"taxonomy":"product_cat","embeddable":true,"href":"https:\/\/www.pitcli.com\/en\/wp-json\/wp\/v2\/product_cat?post=14372"},{"taxonomy":"product_tag","embeddable":true,"href":"https:\/\/www.pitcli.com\/en\/wp-json\/wp\/v2\/product_tag?post=14372"}],"curies":[{"name":"wp","href":"https:\/\/api.w.org\/{rel}","templated":true}]}}