{"id":14910,"date":"2025-09-03T15:43:03","date_gmt":"2025-09-03T14:43:03","guid":{"rendered":"https:\/\/www.pitcli.com\/?post_type=product&#038;p=14910"},"modified":"2026-05-04T15:46:44","modified_gmt":"2026-05-04T14:46:44","slug":"cuaderno-a5-guadalupe","status":"publish","type":"product","link":"https:\/\/www.pitcli.com\/en\/product\/cuaderno-a5-guadalupe\/","title":{"rendered":"A5 Notebook \u00abGuadalupe\u00bb"},"content":{"rendered":"","protected":false},"excerpt":{"rendered":"<p>Nuestra libreta m\u00e1s chula, para tus apuntes o para las anotaciones de la oficina, \u00a1que se vea que tienes clase!<\/p>\n<p>Descubre\u00a0 el Cuaderno A5 . \ud83d\udcd8 Perfecto para dibujar, \ud83d\udd8d\ufe0f escribir notas, \ud83d\udcdd o guardar tus pensamientos. \u00a1T\u00fa decides! \ud83c\udf38<\/p>\n<p>Interior con p\u00e1ginas blancas. Ilustraci\u00f3n con pl\u00e1stico para proteger. Tapa dura en la parte posterior.<\/p>\n<a href=\"\/wp-content\/uploads\/2022\/10\/envios.jpg\" class=\"laroda\" data-fancybox>ENV\u00cdOS Y DEVOLUCIONES<\/a>","protected":false},"featured_media":14911,"comment_status":"closed","ping_status":"closed","template":"","meta":{"_joinchat":[]},"product_brand":[],"product_cat":[58,122,57],"product_tag":[],"class_list":{"0":"post-14910","1":"product","2":"type-product","3":"status-publish","4":"has-post-thumbnail","6":"product_cat-cuadernos","7":"product_cat-outlet","8":"product_cat-pitcli-home","9":"product_shipping_class-ropa","11":"first","12":"instock","13":"sale","14":"taxable","15":"shipping-taxable","16":"purchasable","17":"product-type-simple"},"_links":{"self":[{"href":"https:\/\/www.pitcli.com\/en\/wp-json\/wp\/v2\/product\/14910","targetHints":{"allow":["GET"]}}],"collection":[{"href":"https:\/\/www.pitcli.com\/en\/wp-json\/wp\/v2\/product"}],"about":[{"href":"https:\/\/www.pitcli.com\/en\/wp-json\/wp\/v2\/types\/product"}],"replies":[{"embeddable":true,"href":"https:\/\/www.pitcli.com\/en\/wp-json\/wp\/v2\/comments?post=14910"}],"wp:featuredmedia":[{"embeddable":true,"href":"https:\/\/www.pitcli.com\/en\/wp-json\/wp\/v2\/media\/14911"}],"wp:attachment":[{"href":"https:\/\/www.pitcli.com\/en\/wp-json\/wp\/v2\/media?parent=14910"}],"wp:term":[{"taxonomy":"product_brand","embeddable":true,"href":"https:\/\/www.pitcli.com\/en\/wp-json\/wp\/v2\/product_brand?post=14910"},{"taxonomy":"product_cat","embeddable":true,"href":"https:\/\/www.pitcli.com\/en\/wp-json\/wp\/v2\/product_cat?post=14910"},{"taxonomy":"product_tag","embeddable":true,"href":"https:\/\/www.pitcli.com\/en\/wp-json\/wp\/v2\/product_tag?post=14910"}],"curies":[{"name":"wp","href":"https:\/\/api.w.org\/{rel}","templated":true}]}}