{"id":14948,"date":"2025-09-11T11:11:09","date_gmt":"2025-09-11T10:11:09","guid":{"rendered":"https:\/\/www.pitcli.com\/?post_type=product&#038;p=14948"},"modified":"2026-03-31T10:24:39","modified_gmt":"2026-03-31T09:24:39","slug":"monedero-broken-pet","status":"publish","type":"product","link":"https:\/\/www.pitcli.com\/en\/product\/monedero-broken-pet\/","title":{"rendered":"Monedero \u00abBroken Pet\u00bb"},"content":{"rendered":"","protected":false},"excerpt":{"rendered":"<p>Monedero rectangular, con un dise\u00f1o diferente en cada unas de sus caras. Con un tama\u00f1o peque\u00f1o y ideal para llevar tus tarjetas m\u00e1s importantes y cierre con cremallera.<br \/>\n\u00a1Divertido, llamativo y muy bonito!<\/p>\n<p>MEDIDAS: 11 X 13,5 CM<\/p>\n<a href=\"\/wp-content\/uploads\/2022\/10\/envios.jpg\" class=\"laroda\" data-fancybox>ENV\u00cdOS Y DEVOLUCIONES<\/a>","protected":false},"featured_media":14949,"comment_status":"closed","ping_status":"closed","template":"","meta":{"_joinchat":[]},"product_brand":[],"product_cat":[60,65,131],"product_tag":[],"class_list":{"0":"post-14948","1":"product","2":"type-product","3":"status-publish","4":"has-post-thumbnail","6":"product_cat-accesorios","7":"product_cat-monederos","8":"product_cat-novedades","9":"product_shipping_class-ropa","11":"first","12":"instock","13":"featured","14":"taxable","15":"shipping-taxable","16":"purchasable","17":"product-type-simple"},"_links":{"self":[{"href":"https:\/\/www.pitcli.com\/en\/wp-json\/wp\/v2\/product\/14948","targetHints":{"allow":["GET"]}}],"collection":[{"href":"https:\/\/www.pitcli.com\/en\/wp-json\/wp\/v2\/product"}],"about":[{"href":"https:\/\/www.pitcli.com\/en\/wp-json\/wp\/v2\/types\/product"}],"replies":[{"embeddable":true,"href":"https:\/\/www.pitcli.com\/en\/wp-json\/wp\/v2\/comments?post=14948"}],"wp:featuredmedia":[{"embeddable":true,"href":"https:\/\/www.pitcli.com\/en\/wp-json\/wp\/v2\/media\/14949"}],"wp:attachment":[{"href":"https:\/\/www.pitcli.com\/en\/wp-json\/wp\/v2\/media?parent=14948"}],"wp:term":[{"taxonomy":"product_brand","embeddable":true,"href":"https:\/\/www.pitcli.com\/en\/wp-json\/wp\/v2\/product_brand?post=14948"},{"taxonomy":"product_cat","embeddable":true,"href":"https:\/\/www.pitcli.com\/en\/wp-json\/wp\/v2\/product_cat?post=14948"},{"taxonomy":"product_tag","embeddable":true,"href":"https:\/\/www.pitcli.com\/en\/wp-json\/wp\/v2\/product_tag?post=14948"}],"curies":[{"name":"wp","href":"https:\/\/api.w.org\/{rel}","templated":true}]}}