{"id":15072,"date":"2025-10-13T11:05:52","date_gmt":"2025-10-13T10:05:52","guid":{"rendered":"https:\/\/www.pitcli.com\/?post_type=product&#038;p=15072"},"modified":"2026-04-17T10:21:20","modified_gmt":"2026-04-17T09:21:20","slug":"estuche-neceser-caotica","status":"publish","type":"product","link":"https:\/\/www.pitcli.com\/en\/product\/estuche-neceser-caotica\/","title":{"rendered":"Estuche\/Neceser \u00abCa\u00f3tica\u00bb"},"content":{"rendered":"","protected":false},"excerpt":{"rendered":"<p>Estuche u neceser, con un dise\u00f1o diferente en cada unas de sus caras. Con un tama\u00f1o ideal, tanto para tus colores, bol\u00edgrafos, etc&#8230;como para tus productos de belleza indispensables.<br \/>\n\u00a1Divertido, llamativo y muy bonito!<\/p>\n<p>MEDIDAS: 21,5 X 13,X 15,5 CM<\/p>\n<a href=\"\/wp-content\/uploads\/2022\/10\/envios.jpg\" class=\"laroda\" data-fancybox>ENV\u00cdOS Y DEVOLUCIONES<\/a>","protected":false},"featured_media":15074,"comment_status":"closed","ping_status":"closed","template":"","meta":{"_joinchat":[]},"product_brand":[],"product_cat":[60,65,131],"product_tag":[],"class_list":{"0":"post-15072","1":"product","2":"type-product","3":"status-publish","4":"has-post-thumbnail","6":"product_cat-accesorios","7":"product_cat-monederos","8":"product_cat-novedades","9":"product_shipping_class-ropa","11":"first","12":"instock","13":"featured","14":"taxable","15":"shipping-taxable","16":"purchasable","17":"product-type-simple"},"_links":{"self":[{"href":"https:\/\/www.pitcli.com\/en\/wp-json\/wp\/v2\/product\/15072","targetHints":{"allow":["GET"]}}],"collection":[{"href":"https:\/\/www.pitcli.com\/en\/wp-json\/wp\/v2\/product"}],"about":[{"href":"https:\/\/www.pitcli.com\/en\/wp-json\/wp\/v2\/types\/product"}],"replies":[{"embeddable":true,"href":"https:\/\/www.pitcli.com\/en\/wp-json\/wp\/v2\/comments?post=15072"}],"wp:featuredmedia":[{"embeddable":true,"href":"https:\/\/www.pitcli.com\/en\/wp-json\/wp\/v2\/media\/15074"}],"wp:attachment":[{"href":"https:\/\/www.pitcli.com\/en\/wp-json\/wp\/v2\/media?parent=15072"}],"wp:term":[{"taxonomy":"product_brand","embeddable":true,"href":"https:\/\/www.pitcli.com\/en\/wp-json\/wp\/v2\/product_brand?post=15072"},{"taxonomy":"product_cat","embeddable":true,"href":"https:\/\/www.pitcli.com\/en\/wp-json\/wp\/v2\/product_cat?post=15072"},{"taxonomy":"product_tag","embeddable":true,"href":"https:\/\/www.pitcli.com\/en\/wp-json\/wp\/v2\/product_tag?post=15072"}],"curies":[{"name":"wp","href":"https:\/\/api.w.org\/{rel}","templated":true}]}}