{"id":15394,"date":"2025-12-08T10:25:02","date_gmt":"2025-12-08T09:25:02","guid":{"rendered":"https:\/\/www.pitcli.com\/?post_type=product&#038;p=15394"},"modified":"2026-02-12T19:08:44","modified_gmt":"2026-02-12T18:08:44","slug":"pack-calcetines-mujeras-iconicas","status":"publish","type":"product","link":"https:\/\/www.pitcli.com\/en\/product\/pack-calcetines-mujeras-iconicas\/","title":{"rendered":"PACK Calcetines \u00abMujeras ic\u00f3nicas\u00bb"},"content":{"rendered":"","protected":false},"excerpt":{"rendered":"<p>82% Algod\u00f3n 15% Poli\u00e9ster, 3%Elastano.<\/p>\n<p>\u00bfQui\u00e9n le puede decir que no a los calcetines? Calentitos, c\u00f3modos, coloridos y adem\u00e1s de chul\u00edsimos!!!<\/p>\n<p>PON COLOR A TU INVIERNO! PON COLOR A TUS PIES!!!<\/p>\n<a href=\"\/wp-content\/uploads\/2022\/10\/envios.jpg\" class=\"laroda\" data-fancybox>ENV\u00cdOS Y DEVOLUCIONES<\/a>","protected":false},"featured_media":15398,"comment_status":"closed","ping_status":"closed","template":"","meta":{"_joinchat":[]},"product_brand":[],"product_cat":[131,158],"product_tag":[],"class_list":{"0":"post-15394","1":"product","2":"type-product","3":"status-publish","4":"has-post-thumbnail","6":"product_cat-novedades","7":"product_cat-packs","8":"product_shipping_class-ropa","10":"first","11":"instock","12":"featured","13":"taxable","14":"shipping-taxable","15":"purchasable","16":"product-type-variable"},"_links":{"self":[{"href":"https:\/\/www.pitcli.com\/en\/wp-json\/wp\/v2\/product\/15394","targetHints":{"allow":["GET"]}}],"collection":[{"href":"https:\/\/www.pitcli.com\/en\/wp-json\/wp\/v2\/product"}],"about":[{"href":"https:\/\/www.pitcli.com\/en\/wp-json\/wp\/v2\/types\/product"}],"replies":[{"embeddable":true,"href":"https:\/\/www.pitcli.com\/en\/wp-json\/wp\/v2\/comments?post=15394"}],"wp:featuredmedia":[{"embeddable":true,"href":"https:\/\/www.pitcli.com\/en\/wp-json\/wp\/v2\/media\/15398"}],"wp:attachment":[{"href":"https:\/\/www.pitcli.com\/en\/wp-json\/wp\/v2\/media?parent=15394"}],"wp:term":[{"taxonomy":"product_brand","embeddable":true,"href":"https:\/\/www.pitcli.com\/en\/wp-json\/wp\/v2\/product_brand?post=15394"},{"taxonomy":"product_cat","embeddable":true,"href":"https:\/\/www.pitcli.com\/en\/wp-json\/wp\/v2\/product_cat?post=15394"},{"taxonomy":"product_tag","embeddable":true,"href":"https:\/\/www.pitcli.com\/en\/wp-json\/wp\/v2\/product_tag?post=15394"}],"curies":[{"name":"wp","href":"https:\/\/api.w.org\/{rel}","templated":true}]}}