{"id":16098,"date":"2026-03-01T19:29:51","date_gmt":"2026-03-01T18:29:51","guid":{"rendered":"https:\/\/www.pitcli.com\/?post_type=product&#038;p=16098"},"modified":"2026-04-24T07:29:44","modified_gmt":"2026-04-24T06:29:44","slug":"blusa-energetica","status":"publish","type":"product","link":"https:\/\/www.pitcli.com\/en\/product\/blusa-energetica\/","title":{"rendered":"Energetic Blouse\u00ab"},"content":{"rendered":"","protected":false},"excerpt":{"rendered":"<p>Blusa de manga francesa, rematada con pu\u00f1os negros. Escote coraz\u00f3n, con encaje negro. Detalle de l\u00e1grima en la espalda y cierre con bot\u00f3n.<\/p>\n<p>De fondo negro, en contraste con la energ\u00eda de los corazones Pitcli, llenos de color, textura&#8230;<\/p>\n<p>Sienta muy bonita y elegante.<\/p>\n<p>96% POLI\u00c9STER 4% ELASTANO<\/p>\n<p>Irene lleva la talla XS<\/p>\n<a href=\"\/wp-content\/uploads\/2026\/03\/ENERGETICA.jpg\" class=\"laroda\" data-fancybox>GU\u00cdA DE TALLAS<\/a>\n<a href=\"\/wp-content\/uploads\/2022\/10\/composicion.jpg\" class=\"laroda\" data-fancybox>COMPOSICI\u00d3N Y LAVADO<\/a>\n<a href=\"\/wp-content\/uploads\/2022\/10\/envios.jpg\" class=\"laroda\" data-fancybox>ENV\u00cdOS Y DEVOLUCIONES<\/a>","protected":false},"featured_media":16105,"comment_status":"closed","ping_status":"closed","template":"","meta":{"_joinchat":[]},"product_brand":[],"product_cat":[26,18,131],"product_tag":[],"class_list":{"0":"post-16098","1":"product","2":"type-product","3":"status-publish","4":"has-post-thumbnail","6":"product_cat-blusas-camisas","7":"product_cat-mujer","8":"product_cat-novedades","9":"product_shipping_class-ropa","11":"first","12":"instock","13":"taxable","14":"shipping-taxable","15":"purchasable","16":"product-type-variable"},"_links":{"self":[{"href":"https:\/\/www.pitcli.com\/en\/wp-json\/wp\/v2\/product\/16098","targetHints":{"allow":["GET"]}}],"collection":[{"href":"https:\/\/www.pitcli.com\/en\/wp-json\/wp\/v2\/product"}],"about":[{"href":"https:\/\/www.pitcli.com\/en\/wp-json\/wp\/v2\/types\/product"}],"replies":[{"embeddable":true,"href":"https:\/\/www.pitcli.com\/en\/wp-json\/wp\/v2\/comments?post=16098"}],"wp:featuredmedia":[{"embeddable":true,"href":"https:\/\/www.pitcli.com\/en\/wp-json\/wp\/v2\/media\/16105"}],"wp:attachment":[{"href":"https:\/\/www.pitcli.com\/en\/wp-json\/wp\/v2\/media?parent=16098"}],"wp:term":[{"taxonomy":"product_brand","embeddable":true,"href":"https:\/\/www.pitcli.com\/en\/wp-json\/wp\/v2\/product_brand?post=16098"},{"taxonomy":"product_cat","embeddable":true,"href":"https:\/\/www.pitcli.com\/en\/wp-json\/wp\/v2\/product_cat?post=16098"},{"taxonomy":"product_tag","embeddable":true,"href":"https:\/\/www.pitcli.com\/en\/wp-json\/wp\/v2\/product_tag?post=16098"}],"curies":[{"name":"wp","href":"https:\/\/api.w.org\/{rel}","templated":true}]}}