{"id":16144,"date":"2026-03-07T09:50:43","date_gmt":"2026-03-07T08:50:43","guid":{"rendered":"https:\/\/www.pitcli.com\/?post_type=product&#038;p=16144"},"modified":"2026-04-17T11:39:06","modified_gmt":"2026-04-17T10:39:06","slug":"blusa-brilla-con-luz-propia","status":"publish","type":"product","link":"https:\/\/www.pitcli.com\/en\/product\/blusa-brilla-con-luz-propia\/","title":{"rendered":"\u00abShine with your own light\u00bb blouse\u00bb"},"content":{"rendered":"","protected":false},"excerpt":{"rendered":"<p data-start=\"129\" data-end=\"185\"><strong data-start=\"131\" data-end=\"183\">Blusa Brilla \u2013 Energ\u00eda y color para tu primavera<\/strong><\/p>\n<p data-start=\"187\" data-end=\"481\">Llena tus d\u00edas de luz, color y actitud con esta blusa que transmite pura alegr\u00eda primaveral. Su dise\u00f1o de rayas en tonos rosa aporta frescura y feminidad, mientras que el estampado central lleno de personalidad a\u00f1ade ese toque divertido y diferente que convierte cualquier look en protagonista.<\/p>\n<p data-start=\"483\" data-end=\"763\">Con un corte c\u00f3modo y favorecedor, es perfecta para acompa\u00f1arte desde un paseo al sol hasta un plan improvisado con amigas. Su tejido ligero la hace ideal para entretiempo, combinando f\u00e1cilmente con jeans, faldas o pantalones casual para un estilo relajado pero lleno de car\u00e1cter.<\/p>\n<p data-start=\"765\" data-end=\"795\">\ud83c\udf38 <strong data-start=\"768\" data-end=\"793\">Por qu\u00e9 te encantar\u00e1:<\/strong><\/p>\n<ul data-start=\"796\" data-end=\"997\">\n<li data-section-id=\"1xnwcbe\" data-start=\"796\" data-end=\"852\">Dise\u00f1o original que transmite buen rollo y optimismo<\/li>\n<li data-section-id=\"5asfcb\" data-start=\"853\" data-end=\"899\">Colores vibrantes perfectos para primavera<\/li>\n<li data-section-id=\"of05in\" data-start=\"900\" data-end=\"945\">Corte c\u00f3modo y vers\u00e1til para el d\u00eda a d\u00eda<\/li>\n<li data-section-id=\"gjn6e1\" data-start=\"946\" data-end=\"997\">F\u00e1cil de combinar para looks casuales y urbanos<\/li>\n<\/ul>\n<p data-start=\"999\" data-end=\"1091\">\ud83d\udcab Porque esta temporada no se trata solo de vestir\u2026 se trata de <strong data-start=\"1064\" data-end=\"1090\">brillar con luz propia<\/strong>.<\/p>\n<p>Blusa, estilo sudadera, de manga francesa. Cuello redondo y cuerpo amplio, recto.<\/p>\n<p>De rayas en dos tonos, rosa y magenta, tan de moda. Ilustraci\u00f3n de nuestra ic\u00f3nica Wonder Woman, llena de poder, fuerza y luz!!<\/p>\n<p>Sienta muy bonita y es muy combinable.<\/p>\n<p>92% POLI\u00c9STER 8% ELASTANO<\/p>\n<p>Yolanda lleva la talla XS<\/p>\n<a href=\"\/wp-content\/uploads\/2026\/03\/BRILLA-CON-LUZ-PROPIA.jpg\" class=\"laroda\" data-fancybox>GU\u00cdA DE TALLAS<\/a>\n<a href=\"\/wp-content\/uploads\/2022\/10\/composicion.jpg\" class=\"laroda\" data-fancybox>COMPOSICI\u00d3N Y LAVADO<\/a>\n<a href=\"\/wp-content\/uploads\/2022\/10\/envios.jpg\" class=\"laroda\" data-fancybox>ENV\u00cdOS Y DEVOLUCIONES<\/a>","protected":false},"featured_media":16215,"comment_status":"closed","ping_status":"closed","template":"","meta":{"_joinchat":[]},"product_brand":[],"product_cat":[26,18,131],"product_tag":[],"class_list":{"0":"post-16144","1":"product","2":"type-product","3":"status-publish","4":"has-post-thumbnail","6":"product_cat-blusas-camisas","7":"product_cat-mujer","8":"product_cat-novedades","9":"product_shipping_class-ropa","11":"first","12":"instock","13":"taxable","14":"shipping-taxable","15":"purchasable","16":"product-type-variable"},"_links":{"self":[{"href":"https:\/\/www.pitcli.com\/en\/wp-json\/wp\/v2\/product\/16144","targetHints":{"allow":["GET"]}}],"collection":[{"href":"https:\/\/www.pitcli.com\/en\/wp-json\/wp\/v2\/product"}],"about":[{"href":"https:\/\/www.pitcli.com\/en\/wp-json\/wp\/v2\/types\/product"}],"replies":[{"embeddable":true,"href":"https:\/\/www.pitcli.com\/en\/wp-json\/wp\/v2\/comments?post=16144"}],"wp:featuredmedia":[{"embeddable":true,"href":"https:\/\/www.pitcli.com\/en\/wp-json\/wp\/v2\/media\/16215"}],"wp:attachment":[{"href":"https:\/\/www.pitcli.com\/en\/wp-json\/wp\/v2\/media?parent=16144"}],"wp:term":[{"taxonomy":"product_brand","embeddable":true,"href":"https:\/\/www.pitcli.com\/en\/wp-json\/wp\/v2\/product_brand?post=16144"},{"taxonomy":"product_cat","embeddable":true,"href":"https:\/\/www.pitcli.com\/en\/wp-json\/wp\/v2\/product_cat?post=16144"},{"taxonomy":"product_tag","embeddable":true,"href":"https:\/\/www.pitcli.com\/en\/wp-json\/wp\/v2\/product_tag?post=16144"}],"curies":[{"name":"wp","href":"https:\/\/api.w.org\/{rel}","templated":true}]}}