{"id":16230,"date":"2026-03-21T19:47:47","date_gmt":"2026-03-21T18:47:47","guid":{"rendered":"https:\/\/www.pitcli.com\/?post_type=product&#038;p=16230"},"modified":"2026-04-25T08:13:57","modified_gmt":"2026-04-25T07:13:57","slug":"blusa-josephine","status":"publish","type":"product","link":"https:\/\/www.pitcli.com\/en\/product\/blusa-josephine\/","title":{"rendered":"Josephine Blouse\u00ab"},"content":{"rendered":"","protected":false},"excerpt":{"rendered":"<p data-start=\"133\" data-end=\"188\">\u2728 <strong data-start=\"135\" data-end=\"186\">Blusa Selva Chic \u2013 Color, arte y esp\u00edritu libre<\/strong><\/p>\n<p data-start=\"190\" data-end=\"506\">Esta primavera atr\u00e9vete a vestir diferente. Esta blusa combina color, creatividad y personalidad en un dise\u00f1o que transmite alegr\u00eda desde el primer vistazo. Su vibrante tono rosa se mezcla con un estampado art\u00edstico inspirado en la naturaleza y la fuerza femenina, creando una prenda \u00fanica que no pasa desapercibida.<\/p>\n<p data-start=\"508\" data-end=\"792\">El dise\u00f1o central lleno de vida aporta un aire divertido y moderno, mientras su corte c\u00f3modo y favorecedor la convierte en la opci\u00f3n perfecta para looks diarios con estilo propio. Ideal para dar un toque especial a tus jeans favoritos, faldas o outfits casuales con un punto original.<\/p>\n<p data-start=\"794\" data-end=\"825\">\ud83c\udf37 <strong data-start=\"797\" data-end=\"823\">Detalles que enamoran:<\/strong><\/p>\n<ul data-start=\"826\" data-end=\"1020\">\n<li data-section-id=\"ukw6p5\" data-start=\"826\" data-end=\"879\">Estampado exclusivo lleno de color y personalidad<\/li>\n<li data-section-id=\"t328y3\" data-start=\"880\" data-end=\"918\">Tejido ligero ideal para primavera<\/li>\n<li data-section-id=\"of05in\" data-start=\"919\" data-end=\"964\">Corte c\u00f3modo y vers\u00e1til para el d\u00eda a d\u00eda<\/li>\n<li data-section-id=\"thej7c\" data-start=\"965\" data-end=\"1020\">Perfecta para looks casuales con un toque art\u00edstico<\/li>\n<\/ul>\n<p data-start=\"1022\" data-end=\"1116\">\ud83d\udcab Una blusa pensada para mujeres que disfrutan la moda con alegr\u00eda, libertad y mucha actitud.<\/p>\n<p>De corte evas\u00e9, y manga 3\/4.<\/p>\n<p>De color magenta, con una ilustraci\u00f3n preciosa, de Josephine Baker, una mujer ic\u00f3nica, bailarina, esp\u00eda&#8230;<\/p>\n<p>Sienta muy bonita y es muy combinable.<\/p>\n<p>90% ALGOD\u00d3N 10% ELASTANO<\/p>\n<p>Yolanda lleva la talla XS<\/p>\n<a href=\"\/wp-content\/uploads\/2026\/03\/JOSEPHINE.jpg\" class=\"laroda\" data-fancybox>GU\u00cdA DE TALLAS<\/a>\n<a href=\"\/wp-content\/uploads\/2022\/10\/composicion.jpg\" class=\"laroda\" data-fancybox>COMPOSICI\u00d3N Y LAVADO<\/a>\n<a href=\"\/wp-content\/uploads\/2022\/10\/envios.jpg\" class=\"laroda\" data-fancybox>ENV\u00cdOS Y DEVOLUCIONES<\/a>","protected":false},"featured_media":16241,"comment_status":"closed","ping_status":"closed","template":"","meta":{"_joinchat":[]},"product_brand":[],"product_cat":[26,18,131],"product_tag":[],"class_list":{"0":"post-16230","1":"product","2":"type-product","3":"status-publish","4":"has-post-thumbnail","6":"product_cat-blusas-camisas","7":"product_cat-mujer","8":"product_cat-novedades","9":"product_shipping_class-ropa","11":"first","12":"instock","13":"taxable","14":"shipping-taxable","15":"purchasable","16":"product-type-variable"},"_links":{"self":[{"href":"https:\/\/www.pitcli.com\/en\/wp-json\/wp\/v2\/product\/16230","targetHints":{"allow":["GET"]}}],"collection":[{"href":"https:\/\/www.pitcli.com\/en\/wp-json\/wp\/v2\/product"}],"about":[{"href":"https:\/\/www.pitcli.com\/en\/wp-json\/wp\/v2\/types\/product"}],"replies":[{"embeddable":true,"href":"https:\/\/www.pitcli.com\/en\/wp-json\/wp\/v2\/comments?post=16230"}],"wp:featuredmedia":[{"embeddable":true,"href":"https:\/\/www.pitcli.com\/en\/wp-json\/wp\/v2\/media\/16241"}],"wp:attachment":[{"href":"https:\/\/www.pitcli.com\/en\/wp-json\/wp\/v2\/media?parent=16230"}],"wp:term":[{"taxonomy":"product_brand","embeddable":true,"href":"https:\/\/www.pitcli.com\/en\/wp-json\/wp\/v2\/product_brand?post=16230"},{"taxonomy":"product_cat","embeddable":true,"href":"https:\/\/www.pitcli.com\/en\/wp-json\/wp\/v2\/product_cat?post=16230"},{"taxonomy":"product_tag","embeddable":true,"href":"https:\/\/www.pitcli.com\/en\/wp-json\/wp\/v2\/product_tag?post=16230"}],"curies":[{"name":"wp","href":"https:\/\/api.w.org\/{rel}","templated":true}]}}