{"id":16311,"date":"2026-04-09T15:58:45","date_gmt":"2026-04-09T14:58:45","guid":{"rendered":"https:\/\/www.pitcli.com\/?post_type=product&#038;p=16311"},"modified":"2026-05-04T09:02:14","modified_gmt":"2026-05-04T08:02:14","slug":"polo-murano","status":"publish","type":"product","link":"https:\/\/www.pitcli.com\/en\/product\/polo-murano\/","title":{"rendered":"Polo \u00abMurano\u00bb"},"content":{"rendered":"","protected":false},"excerpt":{"rendered":"<p>\u00a1Esta prenda es una aut\u00e9ntica explosi\u00f3n de alegr\u00eda y buen rollo!<\/p>\n<p>No es simplemente una camiseta polo, es un grito de optimismo y creatividad que no pasa desapercibido. Su dise\u00f1o es un c\u00f3ctel vibrante de colores pastel: rosa, amarillo, azul cielo, verde menta, que se funden en divertidas rayas horizontales, como un amanecer lleno de promesas.<\/p>\n<p>Pero lo que realmente la hace \u00fanica es su adorable estampado de casas de cuentos de hadas, como las casitas de Murano. Es como llevar puesta una obra de arte pop llena de fantas\u00eda y magia. El cuello en amarillo p\u00e1lido le da el toque final de luz, completando un look que es pura energ\u00eda positiva, diversi\u00f3n desinhibida y una invitaci\u00f3n a ver el lado m\u00e1s colorido de la vida. \u00a1Es imposible no sonre\u00edr al verla!<\/p>\n<p>50% ALGOD\u00d3N 50% POLI\u00c9STER<\/p>\n<p>Inma lleva la talla XS<\/p>\n<a href=\"\/wp-content\/uploads\/2026\/03\/JOSEPHINE.jpg\" class=\"laroda\" data-fancybox>GU\u00cdA DE TALLAS<\/a>\n<a href=\"\/wp-content\/uploads\/2022\/10\/composicion.jpg\" class=\"laroda\" data-fancybox>COMPOSICI\u00d3N Y LAVADO<\/a>\n<a href=\"\/wp-content\/uploads\/2022\/10\/envios.jpg\" class=\"laroda\" data-fancybox>ENV\u00cdOS Y DEVOLUCIONES<\/a>","protected":false},"featured_media":16318,"comment_status":"closed","ping_status":"closed","template":"","meta":{"_joinchat":[]},"product_brand":[],"product_cat":[26,18,131],"product_tag":[],"class_list":{"0":"post-16311","1":"product","2":"type-product","3":"status-publish","4":"has-post-thumbnail","6":"product_cat-blusas-camisas","7":"product_cat-mujer","8":"product_cat-novedades","9":"product_shipping_class-ropa","11":"first","12":"instock","13":"taxable","14":"shipping-taxable","15":"purchasable","16":"product-type-variable"},"_links":{"self":[{"href":"https:\/\/www.pitcli.com\/en\/wp-json\/wp\/v2\/product\/16311","targetHints":{"allow":["GET"]}}],"collection":[{"href":"https:\/\/www.pitcli.com\/en\/wp-json\/wp\/v2\/product"}],"about":[{"href":"https:\/\/www.pitcli.com\/en\/wp-json\/wp\/v2\/types\/product"}],"replies":[{"embeddable":true,"href":"https:\/\/www.pitcli.com\/en\/wp-json\/wp\/v2\/comments?post=16311"}],"wp:featuredmedia":[{"embeddable":true,"href":"https:\/\/www.pitcli.com\/en\/wp-json\/wp\/v2\/media\/16318"}],"wp:attachment":[{"href":"https:\/\/www.pitcli.com\/en\/wp-json\/wp\/v2\/media?parent=16311"}],"wp:term":[{"taxonomy":"product_brand","embeddable":true,"href":"https:\/\/www.pitcli.com\/en\/wp-json\/wp\/v2\/product_brand?post=16311"},{"taxonomy":"product_cat","embeddable":true,"href":"https:\/\/www.pitcli.com\/en\/wp-json\/wp\/v2\/product_cat?post=16311"},{"taxonomy":"product_tag","embeddable":true,"href":"https:\/\/www.pitcli.com\/en\/wp-json\/wp\/v2\/product_tag?post=16311"}],"curies":[{"name":"wp","href":"https:\/\/api.w.org\/{rel}","templated":true}]}}