{"id":3421,"date":"2022-10-07T08:56:42","date_gmt":"2022-10-07T07:56:42","guid":{"rendered":"https:\/\/www.pitcli.com\/?post_type=product&#038;p=3421"},"modified":"2026-05-13T10:10:16","modified_gmt":"2026-05-13T09:10:16","slug":"falda-libre-slim","status":"publish","type":"product","link":"https:\/\/www.pitcli.com\/en\/product\/falda-libre-slim\/","title":{"rendered":"FALDA \u00abLIBRE\u00bb Slim"},"content":{"rendered":"","protected":false},"excerpt":{"rendered":"<p>Falda \u201cLibre\u201d<\/p>\n<p>\u2022 100% POLI\u00c9STER<\/p>\n<p>Falda preciosa, de talle alto, cierre con cremallera en el lateral\u00a0 y goma el\u00e1stica para que se ajuste mucho mejor!!!volantes escalonados &#8230;y qu\u00e9 decir de esos volantes!!!! Inspirada en Frida, en M\u00e9xico, en sus colores, sus flores y su alegr\u00eda!!!<br \/>\nEs una falda \u00fanica, para las mujeres diferentes que aman la vida y se aman a s\u00ed mismas!!!!<\/p>\n<a href=\"\/wp-content\/uploads\/2022\/10\/medidas-falda-libre-1.jpg\" class=\"laroda\" data-fancybox>GU\u00cdA DE TALLAS<\/a>\n<a href=\"\/wp-content\/uploads\/2022\/10\/composicion.jpg\" class=\"laroda\" data-fancybox>COMPOSICI\u00d3N Y LAVADO<\/a>\n<a href=\"\/wp-content\/uploads\/2022\/10\/envios.jpg\" class=\"laroda\" data-fancybox>ENV\u00cdOS Y DEVOLUCIONES<\/a>\n<p>&nbsp;<\/p>","protected":false},"featured_media":3440,"comment_status":"closed","ping_status":"closed","template":"","meta":{"_joinchat":[]},"product_brand":[],"product_cat":[35,122,18,126],"product_tag":[],"class_list":{"0":"post-3421","1":"product","2":"type-product","3":"status-publish","4":"has-post-thumbnail","6":"product_cat-faldas","7":"product_cat-outlet","8":"product_cat-mujer","9":"product_cat-rebajas","10":"product_shipping_class-ropa","12":"first","13":"instock","14":"sale","15":"taxable","16":"shipping-taxable","17":"purchasable","18":"product-type-variable"},"_links":{"self":[{"href":"https:\/\/www.pitcli.com\/en\/wp-json\/wp\/v2\/product\/3421","targetHints":{"allow":["GET"]}}],"collection":[{"href":"https:\/\/www.pitcli.com\/en\/wp-json\/wp\/v2\/product"}],"about":[{"href":"https:\/\/www.pitcli.com\/en\/wp-json\/wp\/v2\/types\/product"}],"replies":[{"embeddable":true,"href":"https:\/\/www.pitcli.com\/en\/wp-json\/wp\/v2\/comments?post=3421"}],"wp:featuredmedia":[{"embeddable":true,"href":"https:\/\/www.pitcli.com\/en\/wp-json\/wp\/v2\/media\/3440"}],"wp:attachment":[{"href":"https:\/\/www.pitcli.com\/en\/wp-json\/wp\/v2\/media?parent=3421"}],"wp:term":[{"taxonomy":"product_brand","embeddable":true,"href":"https:\/\/www.pitcli.com\/en\/wp-json\/wp\/v2\/product_brand?post=3421"},{"taxonomy":"product_cat","embeddable":true,"href":"https:\/\/www.pitcli.com\/en\/wp-json\/wp\/v2\/product_cat?post=3421"},{"taxonomy":"product_tag","embeddable":true,"href":"https:\/\/www.pitcli.com\/en\/wp-json\/wp\/v2\/product_tag?post=3421"}],"curies":[{"name":"wp","href":"https:\/\/api.w.org\/{rel}","templated":true}]}}